


{"id":9,"date":"2018-06-27T18:07:31","date_gmt":"2018-06-27T16:07:31","guid":{"rendered":"http:\/\/barroccu.com\/dev\/montallegrocontatti\/?page_id=9"},"modified":"2023-07-07T14:22:27","modified_gmt":"2023-07-07T12:22:27","slug":"lavora-con-noi","status":"publish","type":"page","link":"https:\/\/www.montallegro.it\/privacy\/lavora-con-noi\/","title":{"rendered":"Lavora con noi"},"content":{"rendered":"\t\t<div data-elementor-type=\"wp-page\" data-elementor-id=\"9\" class=\"elementor elementor-9\" data-elementor-post-type=\"page\">\n\t\t\t\t\t\t<section class=\"elementor-section elementor-top-section elementor-element elementor-element-5ab1a138 elementor-section-boxed elementor-section-height-default elementor-section-height-default\" data-id=\"5ab1a138\" data-element_type=\"section\">\n\t\t\t\t\t\t<div class=\"elementor-container elementor-column-gap-default\">\n\t\t\t\t\t<div class=\"elementor-column elementor-col-100 elementor-top-column elementor-element elementor-element-e2a2aef\" data-id=\"e2a2aef\" data-element_type=\"column\">\n\t\t\t<div class=\"elementor-widget-wrap elementor-element-populated\">\n\t\t\t\t\t\t<div class=\"elementor-element elementor-element-35944473 elementor-widget elementor-widget-shortcode\" data-id=\"35944473\" data-element_type=\"widget\" data-widget_type=\"shortcode.default\">\n\t\t\t\t<div class=\"elementor-widget-container\">\n\t\t\t\t\t<div class=\"elementor-shortcode\">\n<div class=\"wpcf7 no-js\" id=\"wpcf7-f6-o1\" lang=\"it-IT\" dir=\"ltr\">\n<div class=\"screen-reader-response\"><p role=\"status\" aria-live=\"polite\" aria-atomic=\"true\"><\/p> <ul><\/ul><\/div>\n<form action=\"\/privacy\/wp-json\/wp\/v2\/pages\/9#wpcf7-f6-o1\" method=\"post\" class=\"wpcf7-form init\" aria-label=\"Modulo di contatto\" enctype=\"multipart\/form-data\" novalidate=\"novalidate\" data-status=\"init\">\n<div style=\"display: none;\">\n<input type=\"hidden\" name=\"_wpcf7\" value=\"6\" \/>\n<input type=\"hidden\" name=\"_wpcf7_version\" value=\"5.9.8\" \/>\n<input type=\"hidden\" name=\"_wpcf7_locale\" value=\"it_IT\" \/>\n<input type=\"hidden\" name=\"_wpcf7_unit_tag\" value=\"wpcf7-f6-o1\" \/>\n<input type=\"hidden\" name=\"_wpcf7_container_post\" value=\"0\" \/>\n<input type=\"hidden\" name=\"_wpcf7_posted_data_hash\" value=\"\" \/>\n<input type=\"hidden\" name=\"_wpcf7_recaptcha_response\" value=\"\" \/>\n<\/div>\n<p>Se \u00e8 interessato a partecipare alle selezioni della Casa di Cura Villa Montallegro per una serie di figure professionali compili il form sottostante. Le figure richieste sono laureati e impiegati amministrativi.\n<\/p>\n<p>DATI ANAGRAFICI\n<\/p>\n<p><label> tipologia (*)<\/label><br \/>\n<span class=\"wpcf7-form-control-wrap\" data-name=\"tipologia\"><span class=\"wpcf7-form-control wpcf7-radio\"><span class=\"wpcf7-list-item first\"><input type=\"radio\" name=\"tipologia\" value=\"Laureati (medici e professioni sanitarie)\" checked=\"checked\" \/><span class=\"wpcf7-list-item-label\">Laureati (medici e professioni sanitarie)<\/span><\/span><span class=\"wpcf7-list-item last\"><input type=\"radio\" name=\"tipologia\" value=\"Amministrativi\/manutenzione\" \/><span class=\"wpcf7-list-item-label\">Amministrativi\/manutenzione<\/span><\/span><\/span><\/span>\n<\/p>\n<p><label> nome (*)<br \/>\n<span class=\"wpcf7-form-control-wrap\" data-name=\"nome\"><input size=\"40\" maxlength=\"400\" class=\"wpcf7-form-control wpcf7-text wpcf7-validates-as-required\" aria-required=\"true\" aria-invalid=\"false\" value=\"\" type=\"text\" name=\"nome\" \/><\/span> <\/label>\n<\/p>\n<p><label> cognome(*)<br \/>\n<span class=\"wpcf7-form-control-wrap\" data-name=\"cognome\"><input size=\"40\" maxlength=\"400\" class=\"wpcf7-form-control wpcf7-text wpcf7-validates-as-required\" aria-required=\"true\" aria-invalid=\"false\" value=\"\" type=\"text\" name=\"cognome\" \/><\/span> <\/label>\n<\/p>\n<p><label> indirizzo (*)<br \/>\n<span class=\"wpcf7-form-control-wrap\" data-name=\"indirizzo\"><input size=\"40\" maxlength=\"400\" class=\"wpcf7-form-control wpcf7-text wpcf7-validates-as-required\" aria-required=\"true\" aria-invalid=\"false\" value=\"\" type=\"text\" name=\"indirizzo\" \/><\/span> <\/label>\n<\/p>\n<p><label> citt\u00e0 (*)<br \/>\n<span class=\"wpcf7-form-control-wrap\" data-name=\"citta\"><input size=\"40\" maxlength=\"400\" class=\"wpcf7-form-control wpcf7-text wpcf7-validates-as-required\" aria-required=\"true\" aria-invalid=\"false\" value=\"\" type=\"text\" name=\"citta\" \/><\/span> <\/label>\n<\/p>\n<p><label> provincia (*)<br \/>\n<span class=\"wpcf7-form-control-wrap\" data-name=\"provincia\"><input size=\"40\" maxlength=\"400\" class=\"wpcf7-form-control wpcf7-text wpcf7-validates-as-required\" aria-required=\"true\" aria-invalid=\"false\" value=\"\" type=\"text\" name=\"provincia\" \/><\/span> <\/label>\n<\/p>\n<p><label> nascita (*)<br \/>\n<span class=\"wpcf7-form-control-wrap\" data-name=\"nascita\"><input class=\"wpcf7-form-control wpcf7-date wpcf7-validates-as-date\" aria-invalid=\"false\" value=\"nascita\" type=\"date\" name=\"nascita\" \/><\/span> <\/label>\n<\/p>\n<p><label> telefono (*)<br \/>\n<span class=\"wpcf7-form-control-wrap\" data-name=\"telefono\"><input size=\"40\" maxlength=\"400\" class=\"wpcf7-form-control wpcf7-text wpcf7-validates-as-required\" aria-required=\"true\" aria-invalid=\"false\" value=\"\" type=\"text\" name=\"telefono\" \/><\/span><\/label>\n<\/p>\n<p><label> email (*)<br \/>\n<span class=\"wpcf7-form-control-wrap\" data-name=\"email\"><input size=\"40\" maxlength=\"400\" class=\"wpcf7-form-control wpcf7-email wpcf7-validates-as-required wpcf7-text wpcf7-validates-as-email\" aria-required=\"true\" aria-invalid=\"false\" value=\"\" type=\"email\" name=\"email\" \/><\/span><\/label>\n<\/p>\n<p>FORMAZIONE SCOLASTICA\n<\/p>\n<p><label> informazioni sull'esame<br \/>\n<span class=\"wpcf7-form-control-wrap\" data-name=\"informazioni\"><textarea cols=\"40\" rows=\"10\" maxlength=\"2000\" class=\"wpcf7-form-control wpcf7-textarea\" aria-invalid=\"false\" name=\"informazioni\"><\/textarea><\/span> <\/label>\n<\/p>\n<p><label> titolo di studio (*)<br \/>\n<span class=\"wpcf7-form-control-wrap\" data-name=\"studio\"><input size=\"40\" maxlength=\"400\" class=\"wpcf7-form-control wpcf7-text wpcf7-validates-as-required\" aria-required=\"true\" aria-invalid=\"false\" value=\"\" type=\"text\" name=\"studio\" \/><\/span><\/label>\n<\/p>\n<p><label> titolo professionale (*)<br \/>\n<span class=\"wpcf7-form-control-wrap\" data-name=\"professionale\"><input size=\"40\" maxlength=\"400\" class=\"wpcf7-form-control wpcf7-text wpcf7-validates-as-required\" aria-required=\"true\" aria-invalid=\"false\" value=\"\" type=\"text\" name=\"professionale\" \/><\/span><\/label>\n<\/p>\n<p><label> lingue (*)<br \/>\n<span class=\"wpcf7-form-control-wrap\" data-name=\"lingue\"><input size=\"40\" maxlength=\"400\" class=\"wpcf7-form-control wpcf7-text wpcf7-validates-as-required\" aria-required=\"true\" aria-invalid=\"false\" value=\"\" type=\"text\" name=\"lingue\" \/><\/span><\/label>\n<\/p>\n<p><label> competenze informatiche (*)<br \/>\n<span class=\"wpcf7-form-control-wrap\" data-name=\"informatiche\"><input size=\"40\" maxlength=\"400\" class=\"wpcf7-form-control wpcf7-text wpcf7-validates-as-required\" aria-required=\"true\" aria-invalid=\"false\" value=\"\" type=\"text\" name=\"informatiche\" \/><\/span><\/label>\n<\/p>\n<p>ESPERIENZE PROFESSIONALI\n<\/p>\n<p><label> messaggio<br \/>\n<span class=\"wpcf7-form-control-wrap\" data-name=\"messaggio\"><textarea cols=\"40\" rows=\"10\" maxlength=\"2000\" class=\"wpcf7-form-control wpcf7-textarea\" aria-invalid=\"false\" name=\"messaggio\"><\/textarea><\/span><\/label>\n<\/p>\n<p><label> curriculum<br \/>\n<span class=\"wpcf7-form-control-wrap\" data-name=\"curriculum\"><input size=\"40\" class=\"wpcf7-form-control wpcf7-file\" accept=\".pdf,.txt,.doc,.rtf\" aria-invalid=\"false\" type=\"file\" name=\"curriculum\" \/><\/span><\/label>\n<\/p>\n<div class=\u201ccfac_privacy-box curriculum\">\n\t<div class=\"cfac_privacy-box-container\">\n\t\t<h2>Informativa sulle modalit\u00e0 di trattamento dei dati ex art. 13 D.Lgs 196\/13 (Codice Privacy) e Regolamento UE 2016\/679 (GDPR)\n\t\t<\/h2>\n\t\t<p>I dati dal Lei forniti tramite la compilazione di questo modulo saranno trattati dalla Casa di Cura Villa Montallegro s.p.a. con sede in Genova, Via Monte Zovetto n. 27, (C.F. 80031550108) in qualit\u00e0 di Titolare del trattamento, con l\u2019unica finalit\u00e0 di poterla eventualmente contattare, ai recapiti da Lei forniti, per un colloquio conoscitivo finalizzato ad una eventuale collaborazione in ambito lavorativo e\/o professionale. Il trattamento dei Suoi dati personali trova la propria base giuridica nell\u2019invio, da parte Sua, del modulo compilato.\n\t\t<\/p>\n\t\t<p>In dati da Lei forniti non saranno trasmessi ad alcun soggetto terzo rispetto alla Casa di Cura.\n\t\t<\/p>\n\t\t<p>I dati saranno conservati con strumenti manuali o telematici per la durata di [_cfac_days] GIORNI, per poi essere cancellati.\n\t\t<\/p>\n\t\t<p>In qualsiasi momento, e in presenza delle condizioni di legge, potr\u00e0 chiedere alla Casa di Cura di consentirle l\u2019accesso ai suoi dati personali (art. 15 GDPR), la rettifica (art. 16 GDPR) o la cancellazione (art. 17 GDPR) degli stessi, nonch\u00e9 la limitazione (art. 18 GDPR) del trattamento. Potr\u00e0 inoltre opporsi al trattamento (art. 21 GDPR) e usufruire della portabilit\u00e0 dei dati (art. 20 GDPR). Tali diritti potranno essere esercitati mediante comunicazione e-mail all\u2019indirizzo di posta elettronica <a href=\u201cmailto:privacy@montallegro.it\u201d>privacy@montallegro.it<\/a>.\n\t\t<\/p>\n\t\t<p>In caso di violazione Lei potr\u00e0 proporre reclamo a un\u2019autorit\u00e0 di controllo (art. 77 GDPR).\n\t\t<\/p>\n\t<\/div>\n\t<p><span class=\"cfac_accept\"><label><span class=\"wpcf7-form-control-wrap\" data-name=\"acceptance-552\"><span class=\"wpcf7-form-control wpcf7-acceptance\"><span class=\"wpcf7-list-item\"><input type=\"checkbox\" name=\"acceptance-552\" value=\"1\" aria-invalid=\"false\" \/><\/span><\/span><\/span> Acconsento al trattamento dei dati<\/label><\/span>\n\t<\/p>\n<\/div><!--\/ privacy box -->\n<div style=\"margin-bottom: 20px\">\n\n<\/div>\n<p><input class=\"wpcf7-form-control wpcf7-submit has-spinner\" type=\"submit\" value=\"Invia la richiesta\" \/>\n<\/p><div class=\"wpcf7-response-output\" aria-hidden=\"true\"><\/div>\n<\/form>\n<\/div>\n<\/div>\n\t\t\t\t<\/div>\n\t\t\t\t<\/div>\n\t\t\t\t\t<\/div>\n\t\t<\/div>\n\t\t\t\t\t<\/div>\n\t\t<\/section>\n\t\t\t\t<\/div>\n\t\t","protected":false},"excerpt":{"rendered":"","protected":false},"author":1,"featured_media":0,"parent":0,"menu_order":0,"comment_status":"closed","ping_status":"closed","template":"","meta":{"_acf_changed":false,"footnotes":""},"acf":[],"_links":{"self":[{"href":"https:\/\/www.montallegro.it\/privacy\/wp-json\/wp\/v2\/pages\/9"}],"collection":[{"href":"https:\/\/www.montallegro.it\/privacy\/wp-json\/wp\/v2\/pages"}],"about":[{"href":"https:\/\/www.montallegro.it\/privacy\/wp-json\/wp\/v2\/types\/page"}],"author":[{"embeddable":true,"href":"https:\/\/www.montallegro.it\/privacy\/wp-json\/wp\/v2\/users\/1"}],"replies":[{"embeddable":true,"href":"https:\/\/www.montallegro.it\/privacy\/wp-json\/wp\/v2\/comments?post=9"}],"version-history":[{"count":4,"href":"https:\/\/www.montallegro.it\/privacy\/wp-json\/wp\/v2\/pages\/9\/revisions"}],"predecessor-version":[{"id":44,"href":"https:\/\/www.montallegro.it\/privacy\/wp-json\/wp\/v2\/pages\/9\/revisions\/44"}],"wp:attachment":[{"href":"https:\/\/www.montallegro.it\/privacy\/wp-json\/wp\/v2\/media?parent=9"}],"curies":[{"name":"wp","href":"https:\/\/api.w.org\/{rel}","templated":true}]}}