


{"id":30,"date":"2018-07-04T15:29:07","date_gmt":"2018-07-04T13:29:07","guid":{"rendered":"https:\/\/www.montallegro.it\/privacy\/?page_id=30"},"modified":"2018-07-04T15:29:07","modified_gmt":"2018-07-04T13:29:07","slug":"privacy-policy","status":"publish","type":"page","link":"https:\/\/www.montallegro.it\/privacy\/","title":{"rendered":"Privacy policy"},"content":{"rendered":"<h2>INFORMATIVA SULLA PRIVACY<br \/>\nai sensi art. 13 del Regolamento UE 2016\/679<\/h2>\n<p>Questo documento contiene importanti informazioni sui dati personali trattati da Villa Montallegro S.p.A. con la consultazione e\/o la navigazione di questo website.<\/p>\n<p><strong>L\u2019informativa \u00e8 da leggere attentamente prima di inoltrare qualsiasi tipo di informazione personale e\/o compilare qualunque modulo elettronico disponibile su www.montallegro.it<\/strong> (NON \u00e8 valida per altri siti web che l\u2019utente eventualmente consulti cliccando sui link disponibili) ed \u00e8 resa ai sensi dell\u2019art. 13 del Regolamento UE 2016\/679 (GDPR) solo per questo sito.<\/p>\n<h3>Indice<\/h3>\n<p>A) Titolare del trattamento<br \/>\nB) Dati personali raccolti<br \/>\nC) Base giuridica e finalit\u00e0 del trattamento<br \/>\nD) Modalit\u00e0 e durata del trattamento<br \/>\nE) Categorie di destinatari<br \/>\nF) Diritti dell\u2019interessato<\/p>\n<h3>A) Titolare del trattamento<\/h3>\n<p>Titolare del trattamento \u00e8 Villa Montallegro S.p.A., con sede legale in Genova, Via Monte Zovetto n. 27, C.F. 80031550108 \u2013 P.IVA 80031550108 (d\u2019ora in avanti \u201cMontallegro\u201d).<\/p>\n<h3>B) Dati personali raccolti<\/h3>\n<h4>B.1.) Dati di navigazione<\/h4>\n<p>I sistemi informatici e le procedure software preposte al funzionamento del sito acquisiscono, nel corso del normale esercizio, alcuni dati personali la cui trasmissione \u00e8 implicita nell\u2019uso dei protocolli di comunicazione di internet. \u00c8 il caso degli indirizzi IP (Internet Protocol) o dei nomi a dominio dei computer utilizzati dagli utenti che si connettono al sito, degli indirizzi di notazione URL (Uniform Resource Identifier) e delle risorse richieste, dell\u2019orario della richiesta, della dimensione del file ottenuto in risposta, del codice numerico indicante lo stato della risposta data dal server e di altri parametri relativi al sistema operativo e all\u2019ambiente informatico dell\u2019utente. Questi dati vengono utilizzati al solo fine di ricavare informazioni statistiche anonime sull\u2019uso del sito e per controllarne il corretto funzionamento. I dati potrebbero essere utilizzati per l\u2019accertamento di responsabilit\u00e0, in caso di ipotetici reati informatici ai danni del sito.<\/p>\n<h4>B.2) Dati forniti volontariamente dall\u2019utente\/visitatore<\/h4>\n<p>Il conferimento volontario di dati personali a Montallegro (anche via posta elettronica) comporta la successiva acquisizione degli stessi, necessari per rispondere alle richieste ricevute e\/o avviare relazioni e trattative contrattuali.<\/p>\n<h4>B.3) Cookie<\/h4>\n<p>Il sito utilizza cookie tecnici di terze parti. Per maggiori informazioni \u00e8 consultabile la cookie policy disponibile sul sito.<\/p>\n<h3>C) Base giuridica e finalit\u00e0 del trattamento<\/h3>\n<p>I dati personali vengono trattati da Montallegro esclusivamente per una o pi\u00f9 di queste finalit\u00e0:<\/p>\n<p>1. consentire di perfezionare la registrazione dell\u2019utente al website<br \/>\n2. avviare e intrattenere relazioni precontrattuali<br \/>\n3. dare esecuzione a rapporti contrattuali<\/p>\n<p>In questi tre casi, il trattamento dei dati personali trova fondamento giuridico nella richiesta di attivazione e nei rapporti precontrattuali o contrattuali in avvio con Villa Montallegro. In mancanza di questi dati non \u00e8 possibile procedere al trattamento e, di conseguenza, perfezionare l\u2019iscrizione al sito, n\u00e9 instaurare rapporti precontrattuali o contrattuali.<\/p>\n<p>4. svolgere attivit\u00e0 promozionali e\/o di marketing.<\/p>\n<p>Per consentire ulteriore attivit\u00e0 di trattamento dei dati personali \u00e8 necessario ottenere il consenso. Il consenso \u00e8 libero, per questo motivo Montallegro, in caso di diniego, non effettuer\u00e0 attivit\u00e0 di marketing.<\/p>\n<h3>D) Modalit\u00e0 e durata del trattamento<\/h3>\n<p>I dati acquisiti sono trattati da Montallegro nel rispetto dei principi di liceit\u00e0, correttezza, trasparenza, limitazione delle finalit\u00e0 e della conservazione, minimizzazione dei dati, esattezza, integrit\u00e0 e riservatezza.<br \/>\nIl trattamento \u00e8 effettuato con modalit\u00e0 elettroniche e\/o cartacee e prevede l\u2019impiego di misure di sicurezza atte a garantire la riservatezza dei dati personali e a evitare indebiti accessi a soggetti non autorizzati.<br \/>\nI dati personali saranno trattati per l\u2019intera durata del rapporto con Montallegro e, in caso di cancellazione, per un periodo ulteriore di 10 anni anche al fine di ottemperare a obblighi di legge. Decorso questo periodo, Montallegro canceller\u00e0 i dati personali.<\/p>\n<h3>E) Categorie di destinatari<\/h3>\n<p>Al fine di svolgere correttamente tutte le attivit\u00e0 di trattamento necessarie per perseguire la finalit\u00e0 di cui a questa \u00a0informativa, i destinatari sotto indicati potranno trovarsi nella condizione di trattare i dati personali:<\/p>\n<ul>\n<li>dipendenti di Montallegro, ai quali sono state affidate attivit\u00e0 di trattamento dei dati personali: a queste figure sono state impartite specifiche istruzioni in tema di sicurezza e corretto utilizzo dei dati personali;<\/li>\n<li>soggetti terzi che svolgono attivit\u00e0 strumentali a quella di Montallegro, nominati Responsabili del trattamento.<\/li>\n<\/ul>\n<h3>F) Diritti dell\u2019interessato<\/h3>\n<p>In qualsiasi momento, e in presenza delle condizioni di legge, \u00e8 previsto il diritto di chiedere a Montallegro l\u2019accesso ai propri dati personali, la rettifica o la cancellazione degli stessi, cos\u00ec come di limitare il trattamento o revocare il consenso. \u00c8 prevista anche l\u2019opposizione al trattamento e la possibilit\u00e0 di usufruire della portabilit\u00e0 dei dati.<\/p>\n<p>Questi diritti possono essere esercitati scrivendo via posta elettronica all\u2019indirizzo <a href=\"mailto:privacy@montallegro.it\">privacy@montallegro.it<\/a> o con comunicazione cartacea a Montallegro presso la Sua sede legale sopra specificata.<\/p>\n<p>In caso di presunta violazione di legge sul trattamento dei dati, \u00e8 possibile contattare il Responsabile per la Protezione dei Dati (art. 37, 38 e 39 del Regolamento Europeo 2016\/679) all\u2019indirizzo <a href=\"mailto:rpd@montallegro.it\">rpd@montallegro.it<\/a>, come \u00e8 altrettanto possibile proporre direttamente reclamo al Garante per la Protezione dei dati personali.<\/p>\n","protected":false},"excerpt":{"rendered":"<p>INFORMATIVA SULLA PRIVACY ai sensi art. 13 del Regolamento UE 2016\/679 Questo documento contiene importanti informazioni sui dati personali trattati [&hellip;]<\/p>\n","protected":false},"author":3,"featured_media":0,"parent":0,"menu_order":0,"comment_status":"closed","ping_status":"closed","template":"","meta":{"_acf_changed":false,"footnotes":""},"acf":[],"_links":{"self":[{"href":"https:\/\/www.montallegro.it\/privacy\/wp-json\/wp\/v2\/pages\/30"}],"collection":[{"href":"https:\/\/www.montallegro.it\/privacy\/wp-json\/wp\/v2\/pages"}],"about":[{"href":"https:\/\/www.montallegro.it\/privacy\/wp-json\/wp\/v2\/types\/page"}],"author":[{"embeddable":true,"href":"https:\/\/www.montallegro.it\/privacy\/wp-json\/wp\/v2\/users\/3"}],"replies":[{"embeddable":true,"href":"https:\/\/www.montallegro.it\/privacy\/wp-json\/wp\/v2\/comments?post=30"}],"version-history":[{"count":1,"href":"https:\/\/www.montallegro.it\/privacy\/wp-json\/wp\/v2\/pages\/30\/revisions"}],"predecessor-version":[{"id":31,"href":"https:\/\/www.montallegro.it\/privacy\/wp-json\/wp\/v2\/pages\/30\/revisions\/31"}],"wp:attachment":[{"href":"https:\/\/www.montallegro.it\/privacy\/wp-json\/wp\/v2\/media?parent=30"}],"curies":[{"name":"wp","href":"https:\/\/api.w.org\/{rel}","templated":true}]}}