


{"id":12,"date":"2018-06-28T14:24:18","date_gmt":"2018-06-28T12:24:18","guid":{"rendered":"http:\/\/barroccu.com\/dev\/montallegrocontatti\/?page_id=12"},"modified":"2018-06-28T14:24:18","modified_gmt":"2018-06-28T12:24:18","slug":"chiedi-info","status":"publish","type":"page","link":"https:\/\/www.montallegro.it\/privacy\/chiedi-info\/","title":{"rendered":"Chiedi info"},"content":{"rendered":"\n<div class=\"wpcf7 no-js\" id=\"wpcf7-f11-o1\" lang=\"it-IT\" dir=\"ltr\">\n<div class=\"screen-reader-response\"><p role=\"status\" aria-live=\"polite\" aria-atomic=\"true\"><\/p> <ul><\/ul><\/div>\n<form action=\"\/privacy\/wp-json\/wp\/v2\/pages\/12#wpcf7-f11-o1\" method=\"post\" class=\"wpcf7-form init\" aria-label=\"Modulo di contatto\" novalidate=\"novalidate\" data-status=\"init\">\n<div style=\"display: none;\">\n<input type=\"hidden\" name=\"_wpcf7\" value=\"11\" \/>\n<input type=\"hidden\" name=\"_wpcf7_version\" value=\"5.9.8\" \/>\n<input type=\"hidden\" name=\"_wpcf7_locale\" value=\"it_IT\" \/>\n<input type=\"hidden\" name=\"_wpcf7_unit_tag\" value=\"wpcf7-f11-o1\" \/>\n<input type=\"hidden\" name=\"_wpcf7_container_post\" value=\"0\" \/>\n<input type=\"hidden\" name=\"_wpcf7_posted_data_hash\" value=\"\" \/>\n<input type=\"hidden\" name=\"_wpcf7_recaptcha_response\" value=\"\" \/>\n<\/div>\n<p><label> nome (*)<br \/>\n<span class=\"wpcf7-form-control-wrap\" data-name=\"nome\"><input size=\"40\" maxlength=\"400\" class=\"wpcf7-form-control wpcf7-text wpcf7-validates-as-required\" aria-required=\"true\" aria-invalid=\"false\" value=\"\" type=\"text\" name=\"nome\" \/><\/span> <\/label>\n<\/p>\n<p><label> cognome(*)<br \/>\n<span class=\"wpcf7-form-control-wrap\" data-name=\"cognome\"><input size=\"40\" maxlength=\"400\" class=\"wpcf7-form-control wpcf7-text wpcf7-validates-as-required\" aria-required=\"true\" aria-invalid=\"false\" value=\"\" type=\"text\" name=\"cognome\" \/><\/span> <\/label>\n<\/p>\n<p><label> email (*)<br \/>\n<span class=\"wpcf7-form-control-wrap\" data-name=\"email\"><input size=\"40\" maxlength=\"400\" class=\"wpcf7-form-control wpcf7-email wpcf7-validates-as-required wpcf7-text wpcf7-validates-as-email\" aria-required=\"true\" aria-invalid=\"false\" value=\"\" type=\"email\" name=\"email\" \/><\/span><\/label>\n<\/p>\n<p><label> telefono(*)<br \/>\n<span class=\"wpcf7-form-control-wrap\" data-name=\"telefono\"><input size=\"40\" maxlength=\"400\" class=\"wpcf7-form-control wpcf7-text wpcf7-validates-as-required\" aria-required=\"true\" aria-invalid=\"false\" value=\"\" type=\"text\" name=\"telefono\" \/><\/span><\/label>\n<\/p>\n<p><label> oggetto<br \/>\n<span class=\"wpcf7-form-control-wrap\" data-name=\"oggetto\"><input size=\"40\" maxlength=\"400\" class=\"wpcf7-form-control wpcf7-text\" id=\"info_from_page\" aria-invalid=\"false\" value=\"\" type=\"text\" name=\"oggetto\" \/><\/span><br \/>\n<\/label>\n<\/p>\n<p><label>informazioni sull'esame<br \/>\n<span class=\"wpcf7-form-control-wrap\" data-name=\"informazioni\"><textarea cols=\"40\" rows=\"10\" maxlength=\"2000\" class=\"wpcf7-form-control wpcf7-textarea\" aria-invalid=\"false\" name=\"informazioni\"><\/textarea><\/span> <\/label>\n<\/p>\n<p><label> nome del Medico che le ha prescritto l'esame (*)<br \/>\n<span class=\"wpcf7-form-control-wrap\" data-name=\"medico\"><input size=\"40\" maxlength=\"400\" class=\"wpcf7-form-control wpcf7-text wpcf7-validates-as-required\" aria-required=\"true\" aria-invalid=\"false\" value=\"\" type=\"text\" name=\"medico\" \/><\/span> <\/label>\n<\/p>\n<p><label> copertura assicurativa o assistenziale? (*)<\/label><br \/>\n<span class=\"wpcf7-form-control-wrap\" data-name=\"copertura-assicurativa\"><span class=\"wpcf7-form-control wpcf7-radio\"><span class=\"wpcf7-list-item first\"><input type=\"radio\" name=\"copertura-assicurativa\" value=\"si\" checked=\"checked\" \/><span class=\"wpcf7-list-item-label\">si<\/span><\/span><span class=\"wpcf7-list-item last\"><input type=\"radio\" name=\"copertura-assicurativa\" value=\"no\" \/><span class=\"wpcf7-list-item-label\">no<\/span><\/span><\/span><\/span>\n<\/p>\n<p><label> quale?<br \/>\n<span class=\"wpcf7-form-control-wrap\" data-name=\"nome-assicurazione\"><input size=\"40\" maxlength=\"400\" class=\"wpcf7-form-control wpcf7-text\" aria-invalid=\"false\" value=\"\" type=\"text\" name=\"nome-assicurazione\" \/><\/span> <\/label>\n<\/p>\n<p><label> altri dettagli<br \/>\n<span class=\"wpcf7-form-control-wrap\" data-name=\"dettagli\"><textarea cols=\"40\" rows=\"10\" maxlength=\"2000\" class=\"wpcf7-form-control wpcf7-textarea\" aria-invalid=\"false\" name=\"dettagli\"><\/textarea><\/span> <\/label>\n<\/p>\n<div class=\"cfac_privacy-box preventivo\">\n\t<div class=\"cfac_privacy-box-container\">\n\t\t<h2>Informativa sulle modalit\u00e0 di trattamento dei dati ex art. 13 D.Lgs 196\/03 (Codice Privacy) e Regolamento UE 2016\/679 (GDPR)\n\t\t<\/h2>\n\t\t<p> La informiamo che i dati personali da Lei forniti tramite la compilazione del modulo soprastante (i \u201cDati\u201d) saranno trattati dalla Casa di Cura Villa Montallegro S.p.A. (\u201cVilla Montallegro\u201d), con sede in Genova, Via Monte Zovetto n. 27 (C.F. 80031550108) in qualit\u00e0 di Titolare del trattamento, con l\u2019unica finalit\u00e0 di potere fornire riscontro alla Sua richiesta di preventivo. Il trattamento dei suoi dati personali si baser\u00e0 quindi sul Suo consenso.\n\t\t<\/p>\n\t\t<p> I dati da Lei forniti non saranno trasmessi ad alcun soggetto terzo rispetto a Villa Montallegro, e saranno conservati con strumenti manuali o telematici per la durata di [_cfac_days] GIORNI, per poi essere cancellati.\n\t\t<\/p>\n\t\t<p> In qualsiasi momento, e in presenza delle condizioni di legge, potr\u00e0 revocare il proprio consenso, oppure chiedere a Villa Montallegro di consentirle l\u2019accesso ai Dati (art. 15 GDPR), la rettifica (art. 16 GDPR) o la cancellazione (art. 17 GDPR) degli stessi, nonch\u00e9 la limitazione (art. 18 GDPR) del trattamento. Potr\u00e0 inoltre opporsi al trattamento (art. 21 GDPR) e usufruire della portabilit\u00e0 dei dati (art. 20 GDPR). Tali diritti potranno essere esercitati mediante comunicazione e-mail all\u2019indirizzo di posta elettronica <a href=\u201cmailto:privacy@montallegro.it\u201d>privacy@montallegro.it<\/a>.\n\t\t<\/p>\n\t\t<p>In caso di violazione potr\u00e0 proporre reclamo a un\u2019autorit\u00e0 di controllo ai sensi dell\u2019art. 77 del GDPR.\n\t\t<\/p>\n\t\t<p> Segnaliamo che il mancato consenso qui di seguito comporter\u00e0 l\u2019impossibilit\u00e0 per Villa Montallegro di prendere in visione la Sua richiesta.\n\t\t<\/p>\n\t<\/div>\n\t<p><span class=\"cfac_accept\"><label><span class=\"wpcf7-form-control-wrap\" data-name=\"acceptance-250\"><span class=\"wpcf7-form-control wpcf7-acceptance\"><span class=\"wpcf7-list-item\"><input type=\"checkbox\" name=\"acceptance-250\" value=\"1\" aria-invalid=\"false\" \/><\/span><\/span><\/span> Acconsento al trattamento dei dati<\/label><\/span>\n\t<\/p>\n<\/div><!--\/ privacy box -->\n<p><input class=\"wpcf7-form-control wpcf7-submit has-spinner\" type=\"submit\" value=\"Invia la richiesta\" \/>\n<\/p><div class=\"wpcf7-response-output\" aria-hidden=\"true\"><\/div>\n<\/form>\n<\/div>\n\n","protected":false},"excerpt":{"rendered":"","protected":false},"author":1,"featured_media":0,"parent":0,"menu_order":0,"comment_status":"closed","ping_status":"closed","template":"","meta":{"_acf_changed":false,"footnotes":""},"acf":[],"_links":{"self":[{"href":"https:\/\/www.montallegro.it\/privacy\/wp-json\/wp\/v2\/pages\/12"}],"collection":[{"href":"https:\/\/www.montallegro.it\/privacy\/wp-json\/wp\/v2\/pages"}],"about":[{"href":"https:\/\/www.montallegro.it\/privacy\/wp-json\/wp\/v2\/types\/page"}],"author":[{"embeddable":true,"href":"https:\/\/www.montallegro.it\/privacy\/wp-json\/wp\/v2\/users\/1"}],"replies":[{"embeddable":true,"href":"https:\/\/www.montallegro.it\/privacy\/wp-json\/wp\/v2\/comments?post=12"}],"version-history":[{"count":1,"href":"https:\/\/www.montallegro.it\/privacy\/wp-json\/wp\/v2\/pages\/12\/revisions"}],"predecessor-version":[{"id":13,"href":"https:\/\/www.montallegro.it\/privacy\/wp-json\/wp\/v2\/pages\/12\/revisions\/13"}],"wp:attachment":[{"href":"https:\/\/www.montallegro.it\/privacy\/wp-json\/wp\/v2\/media?parent=12"}],"curies":[{"name":"wp","href":"https:\/\/api.w.org\/{rel}","templated":true}]}}